{"id":6225,"date":"2023-04-21T17:22:56","date_gmt":"2023-04-21T23:22:56","guid":{"rendered":"http:\/\/www.oportunidades.org.sv\/?page_id=6225"},"modified":"2023-04-21T19:02:44","modified_gmt":"2023-04-22T01:02:44","slug":"politicas-de-privacidad","status":"publish","type":"page","link":"https:\/\/www.oportunidades.org.sv\/en\/politicas-de-privacidad\/","title":{"rendered":"Pol\u00edticas de Privacidad"},"content":{"rendered":"<div data-elementor-type=\"wp-page\" data-elementor-id=\"6225\" class=\"elementor elementor-6225\" data-elementor-post-type=\"page\">\n\t\t\t\t\t\t<section class=\"elementor-section elementor-top-section elementor-element elementor-element-5dd193c2 elementor-section-content-middle elementor-reverse-tablet elementor-reverse-mobile elementor-section-full_width elementor-section-height-default elementor-section-height-default\" data-id=\"5dd193c2\" data-element_type=\"section\" data-settings=\"{&quot;background_background&quot;:&quot;classic&quot;}\">\n\t\t\t\t\t\t<div class=\"elementor-container elementor-column-gap-no\">\n\t\t\t\t\t<div class=\"elementor-column elementor-col-100 elementor-top-column elementor-element elementor-element-91665b3\" data-id=\"91665b3\" data-element_type=\"column\">\n\t\t\t<div class=\"elementor-widget-wrap elementor-element-populated\">\n\t\t\t\t\t\t<div class=\"elementor-element elementor-element-459a7226 elementor-widget elementor-widget-heading\" data-id=\"459a7226\" data-element_type=\"widget\" data-widget_type=\"heading.default\">\n\t\t\t\t<div class=\"elementor-widget-container\">\n\t\t\t\t\t<h3 class=\"elementor-heading-title elementor-size-default\">Pol\u00edtica de Privacidad<\/h3>\t\t\t\t<\/div>\n\t\t\t\t<\/div>\n\t\t\t\t\t<\/div>\n\t\t<\/div>\n\t\t\t\t\t<\/div>\n\t\t<\/section>\n\t\t\t\t<section class=\"elementor-section elementor-top-section elementor-element elementor-element-a8a5d66 elementor-section-full_width elementor-section-content-middle elementor-section-height-default elementor-section-height-default\" data-id=\"a8a5d66\" data-element_type=\"section\" data-settings=\"{&quot;background_background&quot;:&quot;classic&quot;}\">\n\t\t\t\t\t\t<div class=\"elementor-container elementor-column-gap-no\">\n\t\t\t\t\t<div class=\"elementor-column elementor-col-100 elementor-top-column elementor-element elementor-element-7b7350f8\" data-id=\"7b7350f8\" data-element_type=\"column\">\n\t\t\t<div class=\"elementor-widget-wrap elementor-element-populated\">\n\t\t\t\t\t\t<div class=\"elementor-element elementor-element-6432fb47 elementor-widget elementor-widget-text-editor\" data-id=\"6432fb47\" data-element_type=\"widget\" data-widget_type=\"text-editor.default\">\n\t\t\t\t<div class=\"elementor-widget-container\">\n\t\t\t\t\t\t\t\t\t<p>En Oportunidades.org.sv, la privacidad de nuestros usuarios es de suma importancia para nosotros. Esta pol\u00edtica de privacidad describe qu\u00e9 informaci\u00f3n recopilamos, c\u00f3mo la utilizamos y c\u00f3mo la protegemos. Al accesar a esta p\u00e1gina acepta las pr\u00e1cticas descritas en esta pol\u00edtica de privacidad.<\/p><p><strong>Recopilaci\u00f3n de informaci\u00f3n<\/strong><\/p><p>Recopilamos informaci\u00f3n de nuestros usuarios de varias formas, incluyendo:<\/p><p><strong><em>Informaci\u00f3n que nos proporciona directamente<\/em><\/strong>. Recopilamos informaci\u00f3n que nos proporciona cuando se registra en nuestro sitio, se suscribe a nuestro bolet\u00edn informativo, participa en encuestas, concursos o promociones, llena formularios o se comunica con nosotros.<\/p><p><strong><em>Informaci\u00f3n que recopilamos autom\u00e1ticamente<\/em><\/strong>. Recopilamos informaci\u00f3n sobre su uso de nuestro sitio web, incluyendo su direcci\u00f3n IP, tipo de navegador, informaci\u00f3n sobre su dispositivo y sistema operativo, fecha y hora de acceso y p\u00e1ginas visitadas.<\/p><p><strong><em>Informaci\u00f3n que obtenemos de terceros.<\/em><\/strong> Podemos recibir informaci\u00f3n sobre usted de terceros, incluyendo redes sociales y proveedores de servicios de an\u00e1lisis.<\/p><p><strong>\u00a0<\/strong><\/p><p><strong>Uso de la informaci\u00f3n<\/strong><\/p><p>Utilizamos la informaci\u00f3n que recopilamos para los siguientes prop\u00f3sitos:<\/p><ul><li>Proporcionarle m\u00e1s informaci\u00f3n.<\/li><li>Personalizar su experiencia en nuestro sitio web.<\/li><li>Enviarle correos electr\u00f3nicos promocionales sobre nuestros productos y servicios, siempre y cuando haya optado por recibirlos.<\/li><li>Mejorar nuestro sitio web y nuestros servicios.<\/li><li>Compartir informaci\u00f3n<\/li><li>No compartimos su informaci\u00f3n personal con terceros, excepto en los siguientes casos:<ul><li>Cuando nos lo solicita la ley.<\/li><li>Con proveedores de servicios de terceros que trabajan en nuestro nombre.<\/li><\/ul><\/li><li>Para proteger nuestros derechos y propiedad.<\/li><\/ul><p>\u00a0<\/p><p><strong><em>Seguridad de la informaci\u00f3n<\/em><\/strong><\/p><p>Nos tomamos muy en serio la seguridad de su informaci\u00f3n personal y hemos implementado medidas de seguridad para protegerla. Sin embargo, ninguna transmisi\u00f3n de datos a trav\u00e9s de Internet puede garantizarse como 100% segura, y usted utiliza nuestro sitio web bajo su propio riesgo.<\/p><p><strong><em>Propiedad Intelectual <\/em><\/strong><\/p><p>El sitio web y los materiales del sitio est\u00e1n protegidos por propiedad intelectual, incluidos los derechos de autor y marcas, solo pueden utilizarse bajo autorizaci\u00f3n.<\/p><p><strong><em>\u00a0<\/em><\/strong><\/p><p><strong><em>Cookies y tecnolog\u00edas similares<\/em><\/strong><\/p><p>Utilizamos cookies y tecnolog\u00edas similares para mejorar su experiencia en nuestro sitio web y personalizar su uso. Puede ajustar su configuraci\u00f3n de cookies en su navegador para controlar el uso de cookies.<\/p><p><strong>Cambios a esta pol\u00edtica de privacidad<\/strong><\/p><p>Podemos actualizar esta pol\u00edtica de privacidad de vez en cuando. Si realizamos cambios significativos, le notificaremos mediante un aviso en nuestro sitio web o por correo electr\u00f3nico.<\/p><p><strong>\u00a0<\/strong><\/p><p><strong><em>Elecci\u00f3n de la ley y Jurisdicci\u00f3n<\/em><\/strong><\/p><p>El uso del sitio web y estas condiciones se rigen por las leyes de El Salvador. Salvo disposici\u00f3n en contrario por la ley, los tribunales ordinarios de San Salvador tienen jurisdicci\u00f3n exclusiva sobre cualquier disputa del uso de esta web.<\/p><p><strong>Preguntas o comentarios<\/strong><\/p><p>Si tiene preguntas o comentarios sobre esta pol\u00edtica de privacidad, por favor cont\u00e1ctenos a trav\u00e9s de nuestro sitio web.<\/p>\t\t\t\t\t\t\t\t<\/div>\n\t\t\t\t<\/div>\n\t\t\t\t\t<\/div>\n\t\t<\/div>\n\t\t\t\t\t<\/div>\n\t\t<\/section>\n\t\t\t\t<\/div>","protected":false},"excerpt":{"rendered":"<p>Pol\u00edtica de Privacidad En Oportunidades.org.sv, la privacidad de nuestros usuarios es de suma importancia para nosotros. Esta pol\u00edtica de privacidad describe qu\u00e9 informaci\u00f3n recopilamos, c\u00f3mo la utilizamos y c\u00f3mo la protegemos. Al accesar a esta p\u00e1gina acepta las pr\u00e1cticas descritas en esta pol\u00edtica de privacidad. Recopilaci\u00f3n de informaci\u00f3n Recopilamos informaci\u00f3n de nuestros usuarios de varias [&hellip;]<\/p>","protected":false},"author":1,"featured_media":0,"parent":0,"menu_order":0,"comment_status":"closed","ping_status":"closed","template":"elementor_header_footer","meta":{"om_disable_all_campaigns":false,"_monsterinsights_skip_tracking":false,"_monsterinsights_sitenote_active":false,"_monsterinsights_sitenote_note":"","_monsterinsights_sitenote_category":0,"_uf_show_specific_survey":0,"_uf_disable_surveys":false,"footnotes":""},"class_list":["post-6225","page","type-page","status-publish","hentry"],"aioseo_notices":[],"_links":{"self":[{"href":"https:\/\/www.oportunidades.org.sv\/en\/wp-json\/wp\/v2\/pages\/6225","targetHints":{"allow":["GET"]}}],"collection":[{"href":"https:\/\/www.oportunidades.org.sv\/en\/wp-json\/wp\/v2\/pages"}],"about":[{"href":"https:\/\/www.oportunidades.org.sv\/en\/wp-json\/wp\/v2\/types\/page"}],"author":[{"embeddable":true,"href":"https:\/\/www.oportunidades.org.sv\/en\/wp-json\/wp\/v2\/users\/1"}],"replies":[{"embeddable":true,"href":"https:\/\/www.oportunidades.org.sv\/en\/wp-json\/wp\/v2\/comments?post=6225"}],"version-history":[{"count":10,"href":"https:\/\/www.oportunidades.org.sv\/en\/wp-json\/wp\/v2\/pages\/6225\/revisions"}],"predecessor-version":[{"id":6236,"href":"https:\/\/www.oportunidades.org.sv\/en\/wp-json\/wp\/v2\/pages\/6225\/revisions\/6236"}],"wp:attachment":[{"href":"https:\/\/www.oportunidades.org.sv\/en\/wp-json\/wp\/v2\/media?parent=6225"}],"curies":[{"name":"wp","href":"https:\/\/api.w.org\/{rel}","templated":true}]}}