{"id":373,"date":"2023-02-19T21:52:24","date_gmt":"2023-02-20T03:52:24","guid":{"rendered":"http:\/\/www.oportunidades.org.sv\/?page_id=373"},"modified":"2024-03-27T11:29:29","modified_gmt":"2024-03-27T17:29:29","slug":"novedades","status":"publish","type":"page","link":"https:\/\/www.oportunidades.org.sv\/en\/novedades\/","title":{"rendered":"News"},"content":{"rendered":"<div data-elementor-type=\"wp-page\" data-elementor-id=\"373\" class=\"elementor elementor-373\" data-elementor-post-type=\"page\">\n\t\t\t\t\t\t<section class=\"elementor-section elementor-top-section elementor-element elementor-element-195e7cce elementor-section-content-middle elementor-section-full_width elementor-section-height-default elementor-section-height-default\" data-id=\"195e7cce\" data-element_type=\"section\">\n\t\t\t\t\t\t<div class=\"elementor-container elementor-column-gap-no\">\n\t\t\t\t\t<div class=\"elementor-column elementor-col-100 elementor-top-column elementor-element elementor-element-4fe5bf37\" data-id=\"4fe5bf37\" data-element_type=\"column\">\n\t\t\t<div class=\"elementor-widget-wrap elementor-element-populated\">\n\t\t\t\t\t\t<div class=\"elementor-element elementor-element-709e699c elementor-widget elementor-widget-heading\" data-id=\"709e699c\" data-element_type=\"widget\" data-widget_type=\"heading.default\">\n\t\t\t\t<div class=\"elementor-widget-container\">\n\t\t\t\t\t<h1 class=\"elementor-heading-title elementor-size-default\">Discover the latest news about the Oportunidades Program<\/h1>\t\t\t\t<\/div>\n\t\t\t\t<\/div>\n\t\t\t\t\t<\/div>\n\t\t<\/div>\n\t\t\t\t\t<\/div>\n\t\t<\/section>\n\t\t\t\t<section class=\"elementor-section elementor-top-section elementor-element elementor-element-72be7ba9 elementor-section-full_width elementor-section-content-middle elementor-reverse-tablet elementor-reverse-mobile elementor-section-height-default elementor-section-height-default\" data-id=\"72be7ba9\" data-element_type=\"section\" data-settings=\"{&quot;background_background&quot;:&quot;classic&quot;}\">\n\t\t\t\t\t\t<div class=\"elementor-container elementor-column-gap-no\">\n\t\t\t\t\t<div class=\"elementor-column elementor-col-100 elementor-top-column elementor-element elementor-element-3810582f\" data-id=\"3810582f\" data-element_type=\"column\">\n\t\t\t<div class=\"elementor-widget-wrap elementor-element-populated\">\n\t\t\t\t\t\t<div class=\"elementor-element elementor-element-25ad485e elementor-grid-3 elementor-grid-tablet-2 elementor-grid-mobile-1 elementor-posts--thumbnail-top elementor-card-shadow-yes elementor-posts__hover-gradient elementor-widget elementor-widget-posts\" data-id=\"25ad485e\" data-element_type=\"widget\" data-settings=\"{&quot;pagination_type&quot;:&quot;prev_next&quot;,&quot;cards_masonry&quot;:&quot;yes&quot;,&quot;cards_columns&quot;:&quot;3&quot;,&quot;cards_columns_tablet&quot;:&quot;2&quot;,&quot;cards_columns_mobile&quot;:&quot;1&quot;,&quot;cards_row_gap&quot;:{&quot;unit&quot;:&quot;px&quot;,&quot;size&quot;:35,&quot;sizes&quot;:[]},&quot;cards_row_gap_widescreen&quot;:{&quot;unit&quot;:&quot;px&quot;,&quot;size&quot;:&quot;&quot;,&quot;sizes&quot;:[]},&quot;cards_row_gap_laptop&quot;:{&quot;unit&quot;:&quot;px&quot;,&quot;size&quot;:&quot;&quot;,&quot;sizes&quot;:[]},&quot;cards_row_gap_tablet_extra&quot;:{&quot;unit&quot;:&quot;px&quot;,&quot;size&quot;:&quot;&quot;,&quot;sizes&quot;:[]},&quot;cards_row_gap_tablet&quot;:{&quot;unit&quot;:&quot;px&quot;,&quot;size&quot;:&quot;&quot;,&quot;sizes&quot;:[]},&quot;cards_row_gap_mobile_extra&quot;:{&quot;unit&quot;:&quot;px&quot;,&quot;size&quot;:&quot;&quot;,&quot;sizes&quot;:[]},&quot;cards_row_gap_mobile&quot;:{&quot;unit&quot;:&quot;px&quot;,&quot;size&quot;:&quot;&quot;,&quot;sizes&quot;:[]}}\" data-widget_type=\"posts.cards\">\n\t\t\t\t<div class=\"elementor-widget-container\">\n\t\t\t\t\t\t\t<div class=\"elementor-posts-container elementor-posts elementor-posts--skin-cards elementor-grid\" role=\"list\">\n\t\t\t\t<article class=\"elementor-post elementor-grid-item post-14503 post type-post status-publish format-standard has-post-thumbnail hentry category-noticias\" role=\"listitem\">\n\t\t\t<div class=\"elementor-post__card\">\n\t\t\t\t<a class=\"elementor-post__thumbnail__link\" href=\"https:\/\/www.oportunidades.org.sv\/en\/programa-oportunidades-fgk-lanza-convocatoria-de-proceso-de-seleccion-2026-en-san-miguel\/\" tabindex=\"-1\" ><div class=\"elementor-post__thumbnail\"><img fetchpriority=\"high\" decoding=\"async\" width=\"800\" height=\"600\" src=\"https:\/\/www.oportunidades.org.sv\/wp-content\/uploads\/2026\/05\/5-1024x768.jpg\" class=\"attachment-large size-large wp-image-14509\" alt=\"\" srcset=\"https:\/\/www.oportunidades.org.sv\/wp-content\/uploads\/2026\/05\/5-1024x768.jpg 1024w, https:\/\/www.oportunidades.org.sv\/wp-content\/uploads\/2026\/05\/5-300x225.jpg 300w, https:\/\/www.oportunidades.org.sv\/wp-content\/uploads\/2026\/05\/5-768x576.jpg 768w, https:\/\/www.oportunidades.org.sv\/wp-content\/uploads\/2026\/05\/5-16x12.jpg 16w, https:\/\/www.oportunidades.org.sv\/wp-content\/uploads\/2026\/05\/5.jpg 1280w\" sizes=\"(max-width: 800px) 100vw, 800px\" \/><\/div><\/a>\n\t\t\t\t<div class=\"elementor-post__badge\">Noticias<\/div>\n\t\t\t\t<div class=\"elementor-post__text\">\n\t\t\t\t<h3 class=\"elementor-post__title\">\n\t\t\t<a href=\"https:\/\/www.oportunidades.org.sv\/en\/programa-oportunidades-fgk-lanza-convocatoria-de-proceso-de-seleccion-2026-en-san-miguel\/\" >\n\t\t\t\tPrograma Oportunidades FGK lanza Convocatoria de Proceso de Selecci\u00f3n 2026 en San Miguel\u00a0\t\t\t<\/a>\n\t\t<\/h3>\n\t\t\t\t<div class=\"elementor-post__excerpt\">\n\t\t\t<p>El Programa Oportunidades de la Fundaci\u00f3n Gloria Kriete (FGK) anuncia con entusiasmo el inicio del proceso de selecci\u00f3n en San Miguel, al tiempo que mantiene\t\t<\/div>\n\t\t\n\t\t<a class=\"elementor-post__read-more\" href=\"https:\/\/www.oportunidades.org.sv\/en\/programa-oportunidades-fgk-lanza-convocatoria-de-proceso-de-seleccion-2026-en-san-miguel\/\" aria-label=\"Read more about Programa Oportunidades FGK lanza Convocatoria de Proceso de Selecci\u00f3n 2026 en San Miguel\u00a0\" tabindex=\"-1\" >\n\t\t\tread article\t\t<\/a>\n\n\t\t\t\t<\/div>\n\t\t\t\t<div class=\"elementor-post__meta-data\">\n\t\t\t\t\t<span class=\"elementor-post-date\">\n\t\t\t2 May, 2026\t\t<\/span>\n\t\t\t\t<span class=\"elementor-post-avatar\">\n\t\t\tNo Comments\t\t<\/span>\n\t\t\t\t<\/div>\n\t\t\t\t\t<\/div>\n\t\t<\/article>\n\t\t\t\t<article class=\"elementor-post elementor-grid-item post-14490 post type-post status-publish format-standard has-post-thumbnail hentry category-noticias\" role=\"listitem\">\n\t\t\t<div class=\"elementor-post__card\">\n\t\t\t\t<a class=\"elementor-post__thumbnail__link\" href=\"https:\/\/www.oportunidades.org.sv\/en\/jovenes-del-programa-oportunidades-visitan-n1co\/\" tabindex=\"-1\" ><div class=\"elementor-post__thumbnail\"><img decoding=\"async\" width=\"800\" height=\"559\" src=\"https:\/\/www.oportunidades.org.sv\/wp-content\/uploads\/2026\/04\/VisitaNico-6-1024x716.jpg\" class=\"attachment-large size-large wp-image-14493\" alt=\"\" srcset=\"https:\/\/www.oportunidades.org.sv\/wp-content\/uploads\/2026\/04\/VisitaNico-6-1024x716.jpg 1024w, https:\/\/www.oportunidades.org.sv\/wp-content\/uploads\/2026\/04\/VisitaNico-6-300x210.jpg 300w, https:\/\/www.oportunidades.org.sv\/wp-content\/uploads\/2026\/04\/VisitaNico-6-768x537.jpg 768w, https:\/\/www.oportunidades.org.sv\/wp-content\/uploads\/2026\/04\/VisitaNico-6-1536x1073.jpg 1536w, https:\/\/www.oportunidades.org.sv\/wp-content\/uploads\/2026\/04\/VisitaNico-6-2048x1431.jpg 2048w, https:\/\/www.oportunidades.org.sv\/wp-content\/uploads\/2026\/04\/VisitaNico-6-18x12.jpg 18w\" sizes=\"(max-width: 800px) 100vw, 800px\" \/><\/div><\/a>\n\t\t\t\t<div class=\"elementor-post__badge\">Noticias<\/div>\n\t\t\t\t<div class=\"elementor-post__text\">\n\t\t\t\t<h3 class=\"elementor-post__title\">\n\t\t\t<a href=\"https:\/\/www.oportunidades.org.sv\/en\/jovenes-del-programa-oportunidades-visitan-n1co\/\" >\n\t\t\t\tJ\u00f3venes del Programa Oportunidades visitan N1co\t\t\t<\/a>\n\t\t<\/h3>\n\t\t\t\t<div class=\"elementor-post__excerpt\">\n\t\t\t<p>El Programa Oportunidades-FGK, en su Fase 2, realiz\u00f3 una visita empresarial a N1co, Fintech salvadore\u00f1a que impulsa soluciones financieras digitales innovadoras y apuesta por el\t\t<\/div>\n\t\t\n\t\t<a class=\"elementor-post__read-more\" href=\"https:\/\/www.oportunidades.org.sv\/en\/jovenes-del-programa-oportunidades-visitan-n1co\/\" aria-label=\"Read more about J\u00f3venes del Programa Oportunidades visitan N1co\" tabindex=\"-1\" >\n\t\t\tread article\t\t<\/a>\n\n\t\t\t\t<\/div>\n\t\t\t\t<div class=\"elementor-post__meta-data\">\n\t\t\t\t\t<span class=\"elementor-post-date\">\n\t\t\t28 April, 2026\t\t<\/span>\n\t\t\t\t<span class=\"elementor-post-avatar\">\n\t\t\tNo Comments\t\t<\/span>\n\t\t\t\t<\/div>\n\t\t\t\t\t<\/div>\n\t\t<\/article>\n\t\t\t\t<article class=\"elementor-post elementor-grid-item post-14473 post type-post status-publish format-standard has-post-thumbnail hentry category-noticias\" role=\"listitem\">\n\t\t\t<div class=\"elementor-post__card\">\n\t\t\t\t<a class=\"elementor-post__thumbnail__link\" href=\"https:\/\/www.oportunidades.org.sv\/en\/liderar-para-transformar-asi-se-vivio-el-encuentro-docentes-y-directores-2026\/\" tabindex=\"-1\" ><div class=\"elementor-post__thumbnail\"><img decoding=\"async\" width=\"800\" height=\"534\" src=\"https:\/\/www.oportunidades.org.sv\/wp-content\/uploads\/2026\/04\/EncuentroDocentes-9-1024x683.jpg\" class=\"attachment-large size-large wp-image-14483\" alt=\"\" srcset=\"https:\/\/www.oportunidades.org.sv\/wp-content\/uploads\/2026\/04\/EncuentroDocentes-9-1024x683.jpg 1024w, https:\/\/www.oportunidades.org.sv\/wp-content\/uploads\/2026\/04\/EncuentroDocentes-9-300x200.jpg 300w, https:\/\/www.oportunidades.org.sv\/wp-content\/uploads\/2026\/04\/EncuentroDocentes-9-768x512.jpg 768w, https:\/\/www.oportunidades.org.sv\/wp-content\/uploads\/2026\/04\/EncuentroDocentes-9-1536x1024.jpg 1536w, https:\/\/www.oportunidades.org.sv\/wp-content\/uploads\/2026\/04\/EncuentroDocentes-9-2048x1365.jpg 2048w, https:\/\/www.oportunidades.org.sv\/wp-content\/uploads\/2026\/04\/EncuentroDocentes-9-18x12.jpg 18w\" sizes=\"(max-width: 800px) 100vw, 800px\" \/><\/div><\/a>\n\t\t\t\t<div class=\"elementor-post__badge\">Noticias<\/div>\n\t\t\t\t<div class=\"elementor-post__text\">\n\t\t\t\t<h3 class=\"elementor-post__title\">\n\t\t\t<a href=\"https:\/\/www.oportunidades.org.sv\/en\/liderar-para-transformar-asi-se-vivio-el-encuentro-docentes-y-directores-2026\/\" >\n\t\t\t\tLiderar para transformar:\u00a0As\u00ed se vivi\u00f3 el\u00a0Encuentro\u00a0Docentes y\u00a0Directores\u00a02026\u00a0\t\t\t<\/a>\n\t\t<\/h3>\n\t\t\t\t<div class=\"elementor-post__excerpt\">\n\t\t\t<p>Durante el encuentro de Docentes y Directores 2026, el Programa Oportunidades de la Fundaci\u00f3n Gloria Kriete reuni\u00f3 a educadores con un objetivo claro: fortalecer su\t\t<\/div>\n\t\t\n\t\t<a class=\"elementor-post__read-more\" href=\"https:\/\/www.oportunidades.org.sv\/en\/liderar-para-transformar-asi-se-vivio-el-encuentro-docentes-y-directores-2026\/\" aria-label=\"Read more about Liderar para transformar:\u00a0As\u00ed se vivi\u00f3 el\u00a0Encuentro\u00a0Docentes y\u00a0Directores\u00a02026\u00a0\" tabindex=\"-1\" >\n\t\t\tread article\t\t<\/a>\n\n\t\t\t\t<\/div>\n\t\t\t\t<div class=\"elementor-post__meta-data\">\n\t\t\t\t\t<span class=\"elementor-post-date\">\n\t\t\t21 April, 2026\t\t<\/span>\n\t\t\t\t<span class=\"elementor-post-avatar\">\n\t\t\tNo Comments\t\t<\/span>\n\t\t\t\t<\/div>\n\t\t\t\t\t<\/div>\n\t\t<\/article>\n\t\t\t\t<article class=\"elementor-post elementor-grid-item post-14349 post type-post status-publish format-standard has-post-thumbnail hentry category-noticias\" role=\"listitem\">\n\t\t\t<div class=\"elementor-post__card\">\n\t\t\t\t<a class=\"elementor-post__thumbnail__link\" href=\"https:\/\/www.oportunidades.org.sv\/en\/programa-oportunidades-fgk-celebra-la-semana-mundial-del-dinero-2026-de-aflatoun\/\" tabindex=\"-1\" ><div class=\"elementor-post__thumbnail\"><img loading=\"lazy\" decoding=\"async\" width=\"800\" height=\"534\" src=\"https:\/\/www.oportunidades.org.sv\/wp-content\/uploads\/2026\/03\/GlobalMoneyWeek-30-1024x683.jpg\" class=\"attachment-large size-large wp-image-14355\" alt=\"\" srcset=\"https:\/\/www.oportunidades.org.sv\/wp-content\/uploads\/2026\/03\/GlobalMoneyWeek-30-1024x683.jpg 1024w, https:\/\/www.oportunidades.org.sv\/wp-content\/uploads\/2026\/03\/GlobalMoneyWeek-30-300x200.jpg 300w, https:\/\/www.oportunidades.org.sv\/wp-content\/uploads\/2026\/03\/GlobalMoneyWeek-30-768x512.jpg 768w, https:\/\/www.oportunidades.org.sv\/wp-content\/uploads\/2026\/03\/GlobalMoneyWeek-30-1536x1024.jpg 1536w, https:\/\/www.oportunidades.org.sv\/wp-content\/uploads\/2026\/03\/GlobalMoneyWeek-30-2048x1365.jpg 2048w, https:\/\/www.oportunidades.org.sv\/wp-content\/uploads\/2026\/03\/GlobalMoneyWeek-30-18x12.jpg 18w\" sizes=\"(max-width: 800px) 100vw, 800px\" \/><\/div><\/a>\n\t\t\t\t<div class=\"elementor-post__badge\">Noticias<\/div>\n\t\t\t\t<div class=\"elementor-post__text\">\n\t\t\t\t<h3 class=\"elementor-post__title\">\n\t\t\t<a href=\"https:\/\/www.oportunidades.org.sv\/en\/programa-oportunidades-fgk-celebra-la-semana-mundial-del-dinero-2026-de-aflatoun\/\" >\n\t\t\t\tPrograma\u00a0Oportunidades FGK\u00a0celebra\u00a0la Semana Mundial del Dinero 2026\u00a0de Aflatoun\u00a0\t\t\t<\/a>\n\t\t<\/h3>\n\t\t\t\t<div class=\"elementor-post__excerpt\">\n\t\t\t<p>Durante la Global Money Week, el Programa Oportunidades de la Fundaci\u00f3n Gloria Kriete (FGK) en alianza con Aflatoun, realizaron una jornada educativa con el objetivo\t\t<\/div>\n\t\t\n\t\t<a class=\"elementor-post__read-more\" href=\"https:\/\/www.oportunidades.org.sv\/en\/programa-oportunidades-fgk-celebra-la-semana-mundial-del-dinero-2026-de-aflatoun\/\" aria-label=\"Read more about Programa\u00a0Oportunidades FGK\u00a0celebra\u00a0la Semana Mundial del Dinero 2026\u00a0de Aflatoun\u00a0\" tabindex=\"-1\" >\n\t\t\tread article\t\t<\/a>\n\n\t\t\t\t<\/div>\n\t\t\t\t<div class=\"elementor-post__meta-data\">\n\t\t\t\t\t<span class=\"elementor-post-date\">\n\t\t\t24 March, 2026\t\t<\/span>\n\t\t\t\t<span class=\"elementor-post-avatar\">\n\t\t\tNo Comments\t\t<\/span>\n\t\t\t\t<\/div>\n\t\t\t\t\t<\/div>\n\t\t<\/article>\n\t\t\t\t<article class=\"elementor-post elementor-grid-item post-14338 post type-post status-publish format-standard has-post-thumbnail hentry category-noticias\" role=\"listitem\">\n\t\t\t<div class=\"elementor-post__card\">\n\t\t\t\t<a class=\"elementor-post__thumbnail__link\" href=\"https:\/\/www.oportunidades.org.sv\/en\/conoce-a-la-asociacion-de-exalumnos-de-programa-oportunidades-asepo\/\" tabindex=\"-1\" ><div class=\"elementor-post__thumbnail\"><img loading=\"lazy\" decoding=\"async\" width=\"800\" height=\"450\" src=\"https:\/\/www.oportunidades.org.sv\/wp-content\/uploads\/2026\/03\/Diseno-sin-titulo-1024x576.jpg\" class=\"attachment-large size-large wp-image-14340\" alt=\"\" srcset=\"https:\/\/www.oportunidades.org.sv\/wp-content\/uploads\/2026\/03\/Diseno-sin-titulo-1024x576.jpg 1024w, https:\/\/www.oportunidades.org.sv\/wp-content\/uploads\/2026\/03\/Diseno-sin-titulo-300x169.jpg 300w, https:\/\/www.oportunidades.org.sv\/wp-content\/uploads\/2026\/03\/Diseno-sin-titulo-768x432.jpg 768w, https:\/\/www.oportunidades.org.sv\/wp-content\/uploads\/2026\/03\/Diseno-sin-titulo-1536x864.jpg 1536w, https:\/\/www.oportunidades.org.sv\/wp-content\/uploads\/2026\/03\/Diseno-sin-titulo-18x10.jpg 18w, https:\/\/www.oportunidades.org.sv\/wp-content\/uploads\/2026\/03\/Diseno-sin-titulo.jpg 1920w\" sizes=\"(max-width: 800px) 100vw, 800px\" \/><\/div><\/a>\n\t\t\t\t<div class=\"elementor-post__badge\">Noticias<\/div>\n\t\t\t\t<div class=\"elementor-post__text\">\n\t\t\t\t<h3 class=\"elementor-post__title\">\n\t\t\t<a href=\"https:\/\/www.oportunidades.org.sv\/en\/conoce-a-la-asociacion-de-exalumnos-de-programa-oportunidades-asepo\/\" >\n\t\t\t\tConoce a la Asociaci\u00f3n de Exalumnos del Programa Oportunidades: ASEPO\u00a0\t\t\t<\/a>\n\t\t<\/h3>\n\t\t\t\t<div class=\"elementor-post__excerpt\">\n\t\t\t<p>El Programa Oportunidades contin\u00faa ampliando su impacto con la Asociaci\u00f3n de Exalumnos de Programa Oportunidades (ASEPO), una iniciativa que busca fortalecer la comunidad de graduados\t\t<\/div>\n\t\t\n\t\t<a class=\"elementor-post__read-more\" href=\"https:\/\/www.oportunidades.org.sv\/en\/conoce-a-la-asociacion-de-exalumnos-de-programa-oportunidades-asepo\/\" aria-label=\"Read more about Conoce a la Asociaci\u00f3n de Exalumnos del Programa Oportunidades: ASEPO\u00a0\" tabindex=\"-1\" >\n\t\t\tread article\t\t<\/a>\n\n\t\t\t\t<\/div>\n\t\t\t\t<div class=\"elementor-post__meta-data\">\n\t\t\t\t\t<span class=\"elementor-post-date\">\n\t\t\t21 March, 2026\t\t<\/span>\n\t\t\t\t<span class=\"elementor-post-avatar\">\n\t\t\tNo Comments\t\t<\/span>\n\t\t\t\t<\/div>\n\t\t\t\t\t<\/div>\n\t\t<\/article>\n\t\t\t\t<article class=\"elementor-post elementor-grid-item post-14193 post type-post status-publish format-standard has-post-thumbnail hentry category-noticias\" role=\"listitem\">\n\t\t\t<div class=\"elementor-post__card\">\n\t\t\t\t<a class=\"elementor-post__thumbnail__link\" href=\"https:\/\/www.oportunidades.org.sv\/en\/programa-oportunidades-fgk-conmemora-el-dia-internacional-de-la-mujer-con-el-conversatorio-desafiando-estereotipos-construyendo-igualdad\/\" tabindex=\"-1\" ><div class=\"elementor-post__thumbnail\"><img loading=\"lazy\" decoding=\"async\" width=\"800\" height=\"534\" src=\"https:\/\/www.oportunidades.org.sv\/wp-content\/uploads\/2026\/03\/ConversatorioDiaMujer-25-1024x683.jpg\" class=\"attachment-large size-large wp-image-14195\" alt=\"\" srcset=\"https:\/\/www.oportunidades.org.sv\/wp-content\/uploads\/2026\/03\/ConversatorioDiaMujer-25-1024x683.jpg 1024w, https:\/\/www.oportunidades.org.sv\/wp-content\/uploads\/2026\/03\/ConversatorioDiaMujer-25-300x200.jpg 300w, https:\/\/www.oportunidades.org.sv\/wp-content\/uploads\/2026\/03\/ConversatorioDiaMujer-25-768x512.jpg 768w, https:\/\/www.oportunidades.org.sv\/wp-content\/uploads\/2026\/03\/ConversatorioDiaMujer-25-1536x1024.jpg 1536w, https:\/\/www.oportunidades.org.sv\/wp-content\/uploads\/2026\/03\/ConversatorioDiaMujer-25-2048x1365.jpg 2048w, https:\/\/www.oportunidades.org.sv\/wp-content\/uploads\/2026\/03\/ConversatorioDiaMujer-25-18x12.jpg 18w\" sizes=\"(max-width: 800px) 100vw, 800px\" \/><\/div><\/a>\n\t\t\t\t<div class=\"elementor-post__badge\">Noticias<\/div>\n\t\t\t\t<div class=\"elementor-post__text\">\n\t\t\t\t<h3 class=\"elementor-post__title\">\n\t\t\t<a href=\"https:\/\/www.oportunidades.org.sv\/en\/programa-oportunidades-fgk-conmemora-el-dia-internacional-de-la-mujer-con-el-conversatorio-desafiando-estereotipos-construyendo-igualdad\/\" >\n\t\t\t\tPrograma Oportunidades FGK conmemora el D\u00eda Internacional de la Mujer con el conversatorio \u201cDesafiando estereotipos, construyendo igualdad\u201d\t\t\t<\/a>\n\t\t<\/h3>\n\t\t\t\t<div class=\"elementor-post__excerpt\">\n\t\t\t<p>El Programa Oportunidades de la Fundaci\u00f3n Gloria Kriete realiz\u00f3 un conversatorio en conmemoraci\u00f3n del D\u00eda Internacional de la Mujer, bajo el lema \u201cDesafiando estereotipos, construyendo\t\t<\/div>\n\t\t\n\t\t<a class=\"elementor-post__read-more\" href=\"https:\/\/www.oportunidades.org.sv\/en\/programa-oportunidades-fgk-conmemora-el-dia-internacional-de-la-mujer-con-el-conversatorio-desafiando-estereotipos-construyendo-igualdad\/\" aria-label=\"Read more about Programa Oportunidades FGK conmemora el D\u00eda Internacional de la Mujer con el conversatorio \u201cDesafiando estereotipos, construyendo igualdad\u201d\" tabindex=\"-1\" >\n\t\t\tread article\t\t<\/a>\n\n\t\t\t\t<\/div>\n\t\t\t\t<div class=\"elementor-post__meta-data\">\n\t\t\t\t\t<span class=\"elementor-post-date\">\n\t\t\t10 March, 2026\t\t<\/span>\n\t\t\t\t<span class=\"elementor-post-avatar\">\n\t\t\tNo Comments\t\t<\/span>\n\t\t\t\t<\/div>\n\t\t\t\t\t<\/div>\n\t\t<\/article>\n\t\t\t\t<\/div>\n\t\t\n\t\t\t\t<div class=\"e-load-more-anchor\" data-page=\"1\" data-max-page=\"17\" data-next-page=\"https:\/\/www.oportunidades.org.sv\/en\/wp-json\/wp\/v2\/pages\/373\/page\/2\/\"><\/div>\n\t\t\t\t<nav class=\"elementor-pagination\" aria-label=\"Pagination\">\n\t\t\t<span class=\"page-numbers prev\">&laquo; Previous<\/span>\n<a class=\"page-numbers next\" href=\"https:\/\/www.oportunidades.org.sv\/en\/wp-json\/wp\/v2\/pages\/373\/page\/2\/\">Next &raquo;<\/a>\t\t<\/nav>\n\t\t\t\t\t\t<\/div>\n\t\t\t\t<\/div>\n\t\t\t\t\t<\/div>\n\t\t<\/div>\n\t\t\t\t\t<\/div>\n\t\t<\/section>\n\t\t\t\t<\/div>","protected":false},"excerpt":{"rendered":"<p>Discover the latest news about the Oportunidades Program<\/p>","protected":false},"author":1,"featured_media":0,"parent":0,"menu_order":0,"comment_status":"closed","ping_status":"closed","template":"elementor_header_footer","meta":{"om_disable_all_campaigns":false,"_monsterinsights_skip_tracking":false,"_monsterinsights_sitenote_active":false,"_monsterinsights_sitenote_note":"","_monsterinsights_sitenote_category":0,"_uf_show_specific_survey":0,"_uf_disable_surveys":false,"footnotes":""},"class_list":["post-373","page","type-page","status-publish","hentry"],"aioseo_notices":[],"_links":{"self":[{"href":"https:\/\/www.oportunidades.org.sv\/en\/wp-json\/wp\/v2\/pages\/373","targetHints":{"allow":["GET"]}}],"collection":[{"href":"https:\/\/www.oportunidades.org.sv\/en\/wp-json\/wp\/v2\/pages"}],"about":[{"href":"https:\/\/www.oportunidades.org.sv\/en\/wp-json\/wp\/v2\/types\/page"}],"author":[{"embeddable":true,"href":"https:\/\/www.oportunidades.org.sv\/en\/wp-json\/wp\/v2\/users\/1"}],"replies":[{"embeddable":true,"href":"https:\/\/www.oportunidades.org.sv\/en\/wp-json\/wp\/v2\/comments?post=373"}],"version-history":[{"count":52,"href":"https:\/\/www.oportunidades.org.sv\/en\/wp-json\/wp\/v2\/pages\/373\/revisions"}],"predecessor-version":[{"id":8578,"href":"https:\/\/www.oportunidades.org.sv\/en\/wp-json\/wp\/v2\/pages\/373\/revisions\/8578"}],"wp:attachment":[{"href":"https:\/\/www.oportunidades.org.sv\/en\/wp-json\/wp\/v2\/media?parent=373"}],"curies":[{"name":"wp","href":"https:\/\/api.w.org\/{rel}","templated":true}]}}