{"id":13862,"date":"2025-12-18T15:11:30","date_gmt":"2025-12-18T21:11:30","guid":{"rendered":"https:\/\/www.oportunidades.org.sv\/?page_id=13862"},"modified":"2025-12-18T16:26:37","modified_gmt":"2025-12-18T22:26:37","slug":"listado-preeliminar-de-estudiantes-beneficiarios-2026-santa-ana-full-time","status":"publish","type":"page","link":"https:\/\/www.oportunidades.org.sv\/en\/listado-preeliminar-de-estudiantes-beneficiarios-2026-santa-ana-full-time\/","title":{"rendered":"Listado Preeliminar de Estudiantes Beneficiarios 2026 &#8211; Santa Ana Full Time"},"content":{"rendered":"<div data-elementor-type=\"wp-page\" data-elementor-id=\"13862\" class=\"elementor elementor-13862\" data-elementor-post-type=\"page\">\n\t\t\t\t\t\t<section class=\"elementor-section elementor-top-section elementor-element elementor-element-71d9381 elementor-section-boxed elementor-section-height-default elementor-section-height-default\" data-id=\"71d9381\" data-element_type=\"section\">\n\t\t\t\t\t\t<div class=\"elementor-container elementor-column-gap-default\">\n\t\t\t\t\t<div class=\"elementor-column elementor-col-100 elementor-top-column elementor-element elementor-element-345042d\" data-id=\"345042d\" data-element_type=\"column\">\n\t\t\t<div class=\"elementor-widget-wrap elementor-element-populated\">\n\t\t\t\t\t\t<div class=\"elementor-element elementor-element-c41ca11 elementor-widget elementor-widget-heading\" data-id=\"c41ca11\" data-element_type=\"widget\" data-widget_type=\"heading.default\">\n\t\t\t\t<div class=\"elementor-widget-container\">\n\t\t\t\t\t<h1 class=\"elementor-heading-title elementor-size-default\">Listado preliminar de estudiantes beneficiarios 2026 - Programa Oportunidades FGK<\/h1>\t\t\t\t<\/div>\n\t\t\t\t<\/div>\n\t\t\t\t<div class=\"elementor-element elementor-element-a730562 elementor-widget elementor-widget-text-editor\" data-id=\"a730562\" data-element_type=\"widget\" data-widget_type=\"text-editor.default\">\n\t\t\t\t<div class=\"elementor-widget-container\">\n\t\t\t\t\t\t\t\t\tSede Santa Ana &#8211; Tiempo Completo\t\t\t\t\t\t\t\t<\/div>\n\t\t\t\t<\/div>\n\t\t\t\t<div class=\"elementor-element elementor-element-a8c93fc elementor-widget elementor-widget-html\" data-id=\"a8c93fc\" data-element_type=\"widget\" data-widget_type=\"html.default\">\n\t\t\t\t<div class=\"elementor-widget-container\">\n\t\t\t\t\t<style>\n      th { font-weight: bold; }\n  .header-message {\n    padding: 20px 15px;\n    margin-bottom: 20px;\n    background-color: #f0f0f0;\n    border-left: 5px solid #C8102E;\n    color: #333;\n    font-family: sans-serif;\n    line-height: 1.5;\n  }\n<\/style>\n\n<div class=\"header-message\">\nLos listados que se presentan tienen car\u00e1cter preliminar, ya que est\u00e1n sujetos a modificaciones posteriores a la realizaci\u00f3n de las visitas domiciliares correspondientes.\n<br>\nLa publicaci\u00f3n oficial y definitiva se realizar\u00e1 el 07 de enero.\n<br>\nPara cualquier consulta, pueden comunicarse al n\u00famero 7234-1288.\n<\/div>\t\t\t\t<\/div>\n\t\t\t\t<\/div>\n\t\t\t\t\t<\/div>\n\t\t<\/div>\n\t\t\t\t\t<\/div>\n\t\t<\/section>\n\t\t\t\t<section class=\"elementor-section elementor-top-section elementor-element elementor-element-a366af7 elementor-section-boxed elementor-section-height-default elementor-section-height-default\" data-id=\"a366af7\" data-element_type=\"section\">\n\t\t\t\t\t\t<div class=\"elementor-container elementor-column-gap-default\">\n\t\t\t\t\t<div class=\"elementor-column elementor-col-100 elementor-top-column elementor-element elementor-element-5a16478\" data-id=\"5a16478\" data-element_type=\"column\">\n\t\t\t<div class=\"elementor-widget-wrap elementor-element-populated\">\n\t\t\t\t\t\t<div class=\"elementor-element elementor-element-e8e008f elementor-widget elementor-widget-html\" data-id=\"e8e008f\" data-element_type=\"widget\" data-widget_type=\"html.default\">\n\t\t\t\t<div class=\"elementor-widget-container\">\n\t\t\t\t\t\r\n<style>\r\n\r\n.table-container {\r\n  overflow-x: auto;\r\n  box-shadow: 0 10px 25px rgba(0,0,0,0.1);\r\n  border-radius: 12px;\r\n  background-color: #fff;\r\n}\r\ntable {\r\n  border-collapse: collapse;\r\n  width: 100%;\r\n  min-width: 800px;\r\n}\r\nthead {\r\n  background-color: #C8102E;\r\n  color: #ffffff;\r\n}\r\nth, td {\r\n  padding: 14px 18px;\r\n  text-align: left;\r\n  border-bottom: 1px solid #edf2f7;\r\n}\r\n\r\ntr:hover {\r\n  background-color: #f1f5f9;\r\n}\r\nth {\r\n  font-weight: 600;\r\n  text-transform: uppercase;\r\n  font-size: 0.85rem;\r\n  letter-spacing: 0.05em;\r\n}\r\nh1 {\r\n  text-align: center;\r\n  margin-bottom: 10px;\r\n  color: #1a202c;\r\n}\r\n.subtitle {\r\n  text-align: center;\r\n  margin-bottom: 30px;\r\n  color: #718096;\r\n}\r\n<\/style>\r\n\r\n<body>\r\n\r\n<h1>Listado Preliminar de Estudiantes Beneficiarios 2026<\/h1>\r\n<p class=\"subtitle\">Sede Santa Ana - Tiempo Completo (SA FT)<\/p>\r\n\r\n<div class=\"table-container\">\r\n<table class=\"dataframe\">\r\n  <thead>\r\n    <tr>\r\n      <th>N\u00b0<\/th>\r\n      <th>Apellidos<\/th>\r\n      <th>Nombres<\/th>\r\n      <th>Instituci\u00f3n<\/th>\r\n    <\/tr>\r\n  <\/thead>\r\n  <tbody>\r\n    <tr><td>1<\/td><td>Aguilar Mart\u00ednez<\/td><td>Oscar Vicente<\/td><td>Centro Escolar Salvador Mart\u00ednez Figueroa<\/td><\/tr>\r\n    <tr><td>2<\/td><td>Aldana Pacheco<\/td><td>Cristopher Ren\u00e9<\/td><td>Centro Escolar Salvador Mart\u00ednez Figueroa<\/td><\/tr>\r\n    <tr><td>3<\/td><td>Arce Cardona<\/td><td>Fabiola Sof\u00eda<\/td><td>Centro Escolar Cat\u00f3lico Monse\u00f1or Benjam\u00edn Barrera y Reyes<\/td><\/tr>\r\n    <tr><td>4<\/td><td>Arias Orantes<\/td><td>Leonardo Jos\u00e9<\/td><td>Centro Escolar Colonia Santa Leonor <\/td><\/tr>\r\n    <tr><td>5<\/td><td>Ascencio Gald\u00e1mez<\/td><td>Mar\u00eda Jos\u00e9<\/td><td>Centro Escolar Cat\u00f3lico San Vicente De Pa\u00fal<\/td><\/tr>\r\n    <tr><td>6<\/td><td>Caballero Ant\u00f3n<\/td><td>Jonathan Manuel<\/td><td>Centro Escolar INSA<\/td><\/tr>\r\n    <tr><td>7<\/td><td>Cabrera Calder\u00f3n<\/td><td>Katherine Giselle<\/td><td>Centro Escolar Cat\u00f3lico San Vicente De Pa\u00fal<\/td><\/tr>\r\n    <tr><td>8<\/td><td>Colocho Cruz<\/td><td>Estefany Alejandra<\/td><td>Complejo Educativo Colonia Qui\u00f1onez<\/td><\/tr>\r\n    <tr><td>9<\/td><td>Cu\u00e9llar Portillo<\/td><td>Jacquelinne Natalia<\/td><td>Centro Escolar Teodoro Moreno<\/td><\/tr>\r\n    <tr><td>10<\/td><td>D\u00edaz Ortiz<\/td><td>Marjorie Adriana<\/td><td>Complejo Educativo Mart\u00edn Romeo Monterrosa Rodr\u00edguez<\/td><\/tr>\r\n    <tr><td>11<\/td><td>Escobar Villeda<\/td><td>Leslie Abigail<\/td><td>Colegio Bautista de Chalchuapa<\/td><\/tr>\r\n    <tr><td>12<\/td><td>Escoto P\u00e9rez<\/td><td>F\u00e1tima Abigail<\/td><td>Complejo Educativo Cat\u00f3lico Mar\u00eda Auxiliadora<\/td><\/tr>\r\n    <tr><td>13<\/td><td>Flores C\u00f3rdova<\/td><td>Paola Jimena<\/td><td>Centro Escolar Cat\u00f3lico Santa Familia<\/td><\/tr>\r\n    <tr><td>14<\/td><td>Francia Aguilar<\/td><td>Adriana Paola<\/td><td>Centro Escolar Cat\u00f3lico Santa Familia<\/td><\/tr>\r\n    <tr><td>15<\/td><td>Fuentes Alfaro<\/td><td>Kevin Daniel<\/td><td>Complejo Educativo Colonia Qui\u00f1onez<\/td><\/tr>\r\n    <tr><td>16<\/td><td>Fuentes Cuellar<\/td><td>Rodrigo Alexis<\/td><td>Centro Escolar Tr\u00e1nsito Cienfuegos<\/td><\/tr>\r\n    <tr><td>17<\/td><td>Garay Reyes<\/td><td>G\u00e9nesis Lizeth<\/td><td>Centro Escolar INSA<\/td><\/tr>\r\n    <tr><td>18<\/td><td>Garc\u00eda Alvarado<\/td><td>Ashley Dayana<\/td><td>Centro Escolar INSA<\/td><\/tr>\r\n    <tr><td>19<\/td><td>G\u00f3mez Henr\u00edquez<\/td><td>Kamila Alejandra<\/td><td>Centro Escolar INSA<\/td><\/tr>\r\n    <tr><td>20<\/td><td>Gonz\u00e1les Trejo<\/td><td>G\u00e9nesis Sof\u00eda<\/td><td>Centro Escolar Cat\u00f3lico Madre Del Salvador <\/td><\/tr>\r\n    <tr><td>21<\/td><td>Guzm\u00e1n Vides<\/td><td>Melany Nicolle<\/td><td>Centro Escolar Tomas Medina <\/td><\/tr>\r\n    <tr><td>22<\/td><td>Ju\u00e1rez Magar\u00edn<\/td><td>Mario Gamaliel<\/td><td>Centro Escolar General Salvador Castaneda Castro <\/td><\/tr>\r\n    <tr><td>23<\/td><td>Linares Escalante<\/td><td>Nathaly Mariana<\/td><td>Centro Escolar Tr\u00e1nsito Cienfuegos<\/td><\/tr>\r\n    <tr><td>24<\/td><td>Linares P\u00e9rez<\/td><td>Ashley Tatiana<\/td><td>Centro Escolar Lomas Del Tecana <\/td><\/tr>\r\n    <tr><td>25<\/td><td>Manzanares Hern\u00e1ndez<\/td><td>Rosmery Lisbeth<\/td><td>Complejo Educativo Padre Vicente Aguilar <\/td><\/tr>\r\n    <tr><td>26<\/td><td>Marroqu\u00edn Coto<\/td><td>Israel Ernesto<\/td><td>Centro Escolar Sim\u00f3n Bol\u00edvar <\/td><\/tr>\r\n    <tr><td>27<\/td><td>Mart\u00ednez God\u00ednez<\/td><td>Mar\u00eda Alexandra<\/td><td>Liceo Cristiano El Shaddai <\/td><\/tr>\r\n    <tr><td>28<\/td><td>Mart\u00ednez Manc\u00eda<\/td><td>Miguel Enrique<\/td><td>Centro Escolar Doctor Salvador Ayala <\/td><\/tr>\r\n    <tr><td>29<\/td><td>Mart\u00ednez Men\u00e9ndez<\/td><td>Mar\u00eda de los \u00c1ngeles<\/td><td>Centro Escolar Jos\u00e9 Antonio Mart\u00ednez <\/td><\/tr>\r\n    <tr><td>30<\/td><td>Mart\u00ednez P\u00e9rez<\/td><td>Abel Alejandro<\/td><td>Complejo Educativo Cat\u00f3lico Juan XXIII<\/td><\/tr>\r\n    <tr><td>31<\/td><td>Menjivar Morales<\/td><td>Otsmaro Isa\u00ed<\/td><td>Centro Escolar General Salvador Castaneda Castro <\/td><\/tr>\r\n    <tr><td>32<\/td><td>Mor\u00e1n Mazariego<\/td><td>Briana Pamela<\/td><td>Complejo Educativo Cat\u00f3lico Juan XXIII<\/td><\/tr>\r\n    <tr><td>33<\/td><td>Moreno L\u00f3pez<\/td><td>Orfa Lisbeth<\/td><td>Complejo Educativo Cat\u00f3lico Juan XXIII<\/td><\/tr>\r\n    <tr><td>34<\/td><td>N\u00fa\u00f1ez G\u00f3mez<\/td><td>Giselle Fabiola<\/td><td>Centro Escolar INSA<\/td><\/tr>\r\n    <tr><td>35<\/td><td>Oliva Ram\u00edrez<\/td><td>Estefany Itzel<\/td><td>Complejo Educativo Colonia Qui\u00f1onez<\/td><\/tr>\r\n    <tr><td>36<\/td><td>Ortega Flores<\/td><td>Dulce Mar\u00eda<\/td><td>Complejo Educativo Padre Vicente Aguilar <\/td><\/tr>\r\n    <tr><td>37<\/td><td>Palencia Aguilar<\/td><td>Abigail Yajaira<\/td><td>Complejo Educativo Capit\u00e1n General Gerardo Barrios <\/td><\/tr>\r\n    <tr><td>38<\/td><td>Pe\u00f1ate Mej\u00eda<\/td><td>Ashley Valeria<\/td><td>Complejo Educativo Caser\u00edo Llano Largo Cant\u00f3n Ayuta<\/td><\/tr>\r\n    <tr><td>39<\/td><td>Pineda Guirola<\/td><td>G\u00e9nesis Krystel<\/td><td>Centro Escolar Cat\u00f3lico San Vicente De Pa\u00fal<\/td><\/tr>\r\n    <tr><td>40<\/td><td>Platero Mart\u00ednez<\/td><td>Luz Mar\u00eda<\/td><td>Centro Escolar Tomas Medina <\/td><\/tr>\r\n    <tr><td>41<\/td><td>Ram\u00edrez Rosales<\/td><td>Rebeca Alejandra<\/td><td>Complejo Educativo Capit\u00e1n General Gerardo Barrios <\/td><\/tr>\r\n    <tr><td>42<\/td><td>Ramos Zalda\u00f1a<\/td><td>Jaqueline Scarleth<\/td><td>Centro Escolar Cat\u00f3lico San Vicente De Pa\u00fal<\/td><\/tr>\r\n    <tr><td>43<\/td><td>Rosales Mor\u00e1n<\/td><td>Christian Alberto<\/td><td>Centro Escolar Cat\u00f3lico Hogar Santa Mar\u00eda Goretti<\/td><\/tr>\r\n    <tr><td>44<\/td><td>Sandoval Centeno<\/td><td>Adriana Giselle<\/td><td>Centro Escolar Cat\u00f3lico San Vicente De Pa\u00fal<\/td><\/tr>\r\n    <tr><td>45<\/td><td>Sandoval Herrera<\/td><td>Kathya Raquel<\/td><td>Centro Escolar Salvador Mart\u00ednez Figueroa<\/td><\/tr>\r\n    <tr><td>46<\/td><td>Sandoval Reyes<\/td><td>Jimena Abigail<\/td><td>Centro Escolar Teodoro Moreno<\/td><\/tr>\r\n    <tr><td>47<\/td><td>Valencia P\u00e9rez<\/td><td>Justin Adalberto<\/td><td>Centro Escolar El Congo <\/td><\/tr>\r\n    <tr><td>48<\/td><td>Vargas Arana<\/td><td>Luis Mario<\/td><td>Liceo Cristiano Reverendo Juan Bueno De Comecayo<\/td><\/tr>\r\n    <tr><td>49<\/td><td>V\u00e1squez Ar\u00e9valo<\/td><td>Jefferson Omar<\/td><td>Centro Escolar General Salvador Castaneda Castro <\/td><\/tr>\r\n    <tr><td>50<\/td><td>V\u00e1squez Zarce\u00f1o<\/td><td>Gabriela Esmeralda<\/td><td>Centro Escolar Cant\u00f3n Los Amates <\/td><\/tr>\r\n  <\/tbody>\r\n<\/table>\r\n<\/div>\r\n\r\n<\/body>\r\n\t\t\t\t<\/div>\n\t\t\t\t<\/div>\n\t\t\t\t\t<\/div>\n\t\t<\/div>\n\t\t\t\t\t<\/div>\n\t\t<\/section>\n\t\t\t\t<\/div>","protected":false},"excerpt":{"rendered":"<p>Listado preliminar de estudiantes beneficiarios 2026 &#8211; Programa Oportunidades FGK Sede Santa Ana &#8211; Tiempo Completo Los listados que se presentan tienen car\u00e1cter preliminar, ya que est\u00e1n sujetos a modificaciones posteriores a la realizaci\u00f3n de las visitas domiciliares correspondientes. La publicaci\u00f3n oficial y definitiva se realizar\u00e1 el 07 de enero. Para cualquier consulta, pueden comunicarse [&hellip;]<\/p>","protected":false},"author":7,"featured_media":0,"parent":0,"menu_order":0,"comment_status":"closed","ping_status":"closed","template":"elementor_header_footer","meta":{"om_disable_all_campaigns":false,"_monsterinsights_skip_tracking":false,"_monsterinsights_sitenote_active":false,"_monsterinsights_sitenote_note":"","_monsterinsights_sitenote_category":0,"_uf_show_specific_survey":0,"_uf_disable_surveys":false,"footnotes":""},"class_list":["post-13862","page","type-page","status-publish","hentry"],"aioseo_notices":[],"_links":{"self":[{"href":"https:\/\/www.oportunidades.org.sv\/en\/wp-json\/wp\/v2\/pages\/13862","targetHints":{"allow":["GET"]}}],"collection":[{"href":"https:\/\/www.oportunidades.org.sv\/en\/wp-json\/wp\/v2\/pages"}],"about":[{"href":"https:\/\/www.oportunidades.org.sv\/en\/wp-json\/wp\/v2\/types\/page"}],"author":[{"embeddable":true,"href":"https:\/\/www.oportunidades.org.sv\/en\/wp-json\/wp\/v2\/users\/7"}],"replies":[{"embeddable":true,"href":"https:\/\/www.oportunidades.org.sv\/en\/wp-json\/wp\/v2\/comments?post=13862"}],"version-history":[{"count":10,"href":"https:\/\/www.oportunidades.org.sv\/en\/wp-json\/wp\/v2\/pages\/13862\/revisions"}],"predecessor-version":[{"id":13894,"href":"https:\/\/www.oportunidades.org.sv\/en\/wp-json\/wp\/v2\/pages\/13862\/revisions\/13894"}],"wp:attachment":[{"href":"https:\/\/www.oportunidades.org.sv\/en\/wp-json\/wp\/v2\/media?parent=13862"}],"curies":[{"name":"wp","href":"https:\/\/api.w.org\/{rel}","templated":true}]}}