{"id":13858,"date":"2025-12-18T15:01:14","date_gmt":"2025-12-18T21:01:14","guid":{"rendered":"https:\/\/www.oportunidades.org.sv\/?page_id=13858"},"modified":"2025-12-18T16:05:43","modified_gmt":"2025-12-18T22:05:43","slug":"listado-oficial-de-estudiantes-beneficiarios-2026","status":"publish","type":"page","link":"https:\/\/www.oportunidades.org.sv\/en\/listado-oficial-de-estudiantes-beneficiarios-2026\/","title":{"rendered":"Listado Oficial de Estudiantes Beneficiarios 2026"},"content":{"rendered":"<div data-elementor-type=\"wp-page\" data-elementor-id=\"13858\" class=\"elementor elementor-13858\" data-elementor-post-type=\"page\">\n\t\t\t\t\t\t<section class=\"elementor-section elementor-top-section elementor-element elementor-element-71d9381 elementor-section-boxed elementor-section-height-default elementor-section-height-default\" data-id=\"71d9381\" data-element_type=\"section\">\n\t\t\t\t\t\t<div class=\"elementor-container elementor-column-gap-default\">\n\t\t\t\t\t<div class=\"elementor-column elementor-col-100 elementor-top-column elementor-element elementor-element-345042d\" data-id=\"345042d\" data-element_type=\"column\">\n\t\t\t<div class=\"elementor-widget-wrap elementor-element-populated\">\n\t\t\t\t\t\t<div class=\"elementor-element elementor-element-c41ca11 elementor-widget elementor-widget-heading\" data-id=\"c41ca11\" data-element_type=\"widget\" data-widget_type=\"heading.default\">\n\t\t\t\t<div class=\"elementor-widget-container\">\n\t\t\t\t\t<h1 class=\"elementor-heading-title elementor-size-default\">Listado oficial de estudiantes beneficiarios 2026 - Programa Oportunidades FGK<\/h1>\t\t\t\t<\/div>\n\t\t\t\t<\/div>\n\t\t\t\t<div class=\"elementor-element elementor-element-a730562 elementor-widget elementor-widget-text-editor\" data-id=\"a730562\" data-element_type=\"widget\" data-widget_type=\"text-editor.default\">\n\t\t\t\t<div class=\"elementor-widget-container\">\n\t\t\t\t\t\t\t\t\t<p>Sede San Salvador &#8211; Tiempo Completo.<\/p>\t\t\t\t\t\t\t\t<\/div>\n\t\t\t\t<\/div>\n\t\t\t\t<div class=\"elementor-element elementor-element-e74f95c elementor-widget elementor-widget-html\" data-id=\"e74f95c\" data-element_type=\"widget\" data-widget_type=\"html.default\">\n\t\t\t\t<div class=\"elementor-widget-container\">\n\t\t\t\t\t<style>\n      th { font-weight: bold; }\n  .header-message {\n    padding: 20px 15px;\n    margin-bottom: 20px;\n    background-color: #f0f0f0;\n    border-left: 5px solid #C8102E;\n    color: #333;\n    font-family: sans-serif;\n    line-height: 1.5;\n  }\n<\/style>\n\n<div class=\"header-message\">\n Si aparece en el listado. El joven se debera presentar desde el 12 de enero del 2026 en horario de 8:00 am a 11:20 am. Y el 19 de enero 2026 es requerida la asistencia de tu responsable o tutor legal (se solicitar\u00e1n firmas de aceptaci\u00f3n de becas y compromisos de 8:00 am a 11:20 am).\n<\/div>\t\t\t\t<\/div>\n\t\t\t\t<\/div>\n\t\t\t\t<div class=\"elementor-element elementor-element-af7b608 elementor-widget elementor-widget-html\" data-id=\"af7b608\" data-element_type=\"widget\" data-widget_type=\"html.default\">\n\t\t\t\t<div class=\"elementor-widget-container\">\n\t\t\t\t\t<style>\n      th { font-weight: bold; }\n  .header-message {\n    padding: 20px 15px;\n    margin-bottom: 20px;\n    background-color: #f0f0f0;\n    border-left: 5px solid #C8102E;\n    color: #333;\n    font-family: sans-serif;\n    line-height: 1.5;\n  }\n<\/style>\n\n<div class=\"header-message\">\nPara cualquier consulta o aclaraci\u00f3n, pueden comunicarse a los n\u00fameros <b>7484-4971 y 7723-6530.<\/b> Estaremos atendiendo consultas el d\u00eda de hoy y ma\u00f1ana. Posteriormente, retomaremos la atenci\u00f3n a partir del 07 de enero, luego del per\u00edodo de vacaciones.\n<\/div>\t\t\t\t<\/div>\n\t\t\t\t<\/div>\n\t\t\t\t\t<\/div>\n\t\t<\/div>\n\t\t\t\t\t<\/div>\n\t\t<\/section>\n\t\t\t\t<section class=\"elementor-section elementor-top-section elementor-element elementor-element-a366af7 elementor-section-boxed elementor-section-height-default elementor-section-height-default\" data-id=\"a366af7\" data-element_type=\"section\">\n\t\t\t\t\t\t<div class=\"elementor-container elementor-column-gap-default\">\n\t\t\t\t\t<div class=\"elementor-column elementor-col-100 elementor-top-column elementor-element elementor-element-5a16478\" data-id=\"5a16478\" data-element_type=\"column\">\n\t\t\t<div class=\"elementor-widget-wrap elementor-element-populated\">\n\t\t\t\t\t\t<div class=\"elementor-element elementor-element-e8e008f elementor-widget elementor-widget-html\" data-id=\"e8e008f\" data-element_type=\"widget\" data-widget_type=\"html.default\">\n\t\t\t\t<div class=\"elementor-widget-container\">\n\t\t\t\t\t\r\n<style>\r\n\r\n.table-container {\r\n  overflow-x: auto;\r\n  box-shadow: 0 10px 25px rgba(0,0,0,0.1);\r\n  border-radius: 12px;\r\n  background-color: #fff;\r\n}\r\ntable {\r\n  border-collapse: collapse;\r\n  width: 100%;\r\n  min-width: 800px;\r\n}\r\nthead {\r\n  background-color: #C8102E;\r\n  color: #ffffff;\r\n}\r\nth, td {\r\n  padding: 14px 18px;\r\n  text-align: left;\r\n  border-bottom: 1px solid #edf2f7;\r\n}\r\n\r\n}\r\ntr:hover {\r\n  background-color: #f1f5f9;\r\n}\r\nth {\r\n  font-weight: 600;\r\n  text-transform: uppercase;\r\n  font-size: 0.85rem;\r\n  letter-spacing: 0.05em;\r\n}\r\nh1 {\r\n  text-align: center;\r\n  margin-bottom: 10px;\r\n  color: #1a202c;\r\n}\r\n.subtitle {\r\n  text-align: center;\r\n  margin-bottom: 30px;\r\n  color: #718096;\r\n}\r\n<\/style>\r\n\r\n<body>\r\n\r\n<h1>Listado Oficial de Estudiantes Beneficiarios 2026<\/h1>\r\n<p class=\"subtitle\">Sede San Salvador - Tiempo Completo (SS FT)<\/p>\r\n\r\n<div class=\"table-container\">\r\n<table class=\"dataframe\">\r\n  <thead>\r\n    <tr>\r\n      <th>N\u00b0<\/th>\r\n      <th>Apellidos<\/th>\r\n      <th>Nombres<\/th>\r\n      <th>Instituci\u00f3n<\/th>\r\n      <th>Secci\u00f3n<\/th>\r\n    <\/tr>\r\n  <\/thead>\r\n  <tbody>\r\n    <tr><td>1<\/td><td>Alas Campos<\/td><td>Jos\u00e9 Francisco<\/td><td>Centro Escolar Catolico Hogar Del Ni\u00f1o - San Salvador - San Salvador<\/td><td>D1<\/td><\/tr>\r\n    <tr><td>2<\/td><td>Amaya Cubias<\/td><td>Nicolle Alexandra<\/td><td>Complejo Educativo Santa Rosa<\/td><td>D1<\/td><\/tr>\r\n    <tr><td>3<\/td><td>Ayala Rodriguez<\/td><td>Eliana Giselle<\/td><td>Centro Escolar Comunidad Serpas - San Salvador - San Salvador<\/td><td>D1<\/td><\/tr>\r\n    <tr><td>4<\/td><td>Brizuela Gonzalez<\/td><td>Beatriz Adriana<\/td><td>Complejo Educativo Doctor Humberto Romero Alvergue<\/td><td>D1<\/td><\/tr>\r\n    <tr><td>5<\/td><td>Castellanos Aguilar<\/td><td>Nathaly Abigail<\/td><td>Centro Escolar Doctor Doroteo Vasconcelos - San Salvador - Ayutuxtepeque<\/td><td>D1<\/td><\/tr>\r\n    <tr><td>6<\/td><td>Cerritos Carre\u00f1o<\/td><td>Hayde\u00e9 Xiomara<\/td><td>Liceo Cristiano Reverendo Juan Bueno De Colonia Costa Rica - San Salvador, San Salvador<\/td><td>D1<\/td><\/tr>\r\n    <tr><td>7<\/td><td>Dub\u00f3n Amaya<\/td><td>Nataly Carolina<\/td><td>Complejo Educativo Profesora Mar\u00eda Amanda Artiga De Villalta - San Salvador - Mejicanos<\/td><td>D1<\/td><\/tr>\r\n    <tr><td>8<\/td><td>Figueroa Rodiguez<\/td><td>Marjorie Nayeli<\/td><td>Centro Escolar Republica Del Per\u00fa - San Salvador - Mejicanos<\/td><td>D1<\/td><\/tr>\r\n    <tr><td>9<\/td><td>Gom\u00e9z Castillo<\/td><td>Jackelinne Alejandra<\/td><td>Complejo Educativo Reino De Suecia - San Salvador - Mejicanos<\/td><td>D1<\/td><\/tr>\r\n    <tr><td>10<\/td><td>Hern\u00e1ndez Garc\u00eda<\/td><td>Lisseth Abigail<\/td><td>Complejo Educativo Delgado - San Salvador - Ciudad Delgado<\/td><td>D1<\/td><\/tr>\r\n    <tr><td>11<\/td><td>Huezo Mej\u00eda<\/td><td>Daniela Alexandra<\/td><td>Escuela Municipal De Ciudad Futura Fase Uno - San Salvador - Cuscatancingo<\/td><td>D1<\/td><\/tr>\r\n    <tr><td>12<\/td><td>Leiva Mu\u00f1oz<\/td><td>Alexia Ximena<\/td><td>Centro Escolar Amatepec - San Salvador - Soyapango<\/td><td>D1<\/td><\/tr>\r\n    <tr><td>13<\/td><td>L\u00f3pez V\u00e1squez<\/td><td>Carlos Gabriel<\/td><td>Centro Escolar Republica De China - San Salvador - Apopa<\/td><td>D1<\/td><\/tr>\r\n    <tr><td>14<\/td><td>Mart\u00ednez P\u00e9rez<\/td><td>Diego Augusto<\/td><td>Centro Escolar Colonia La Ermita - San Salvador - Apopa<\/td><td>D1<\/td><\/tr>\r\n    <tr><td>15<\/td><td>M\u00e9ndez Arriaga<\/td><td>Andrea Camila<\/td><td>Centro Escolar Catolico Marista - San Salvador - Mejicanos<\/td><td>D1<\/td><\/tr>\r\n    <tr><td>16<\/td><td>Molina Noyola<\/td><td>Raul Emanuel<\/td><td>Centro Escolar Salvador Mugdan - San Salvador - San Salvador<\/td><td>D1<\/td><\/tr>\r\n    <tr><td>17<\/td><td>Murillo Hern\u00e1ndez<\/td><td>Daniel Ernesto<\/td><td>Liceo Cristiano Reverendo Juan Bueno De Colonia Costa Rica - San Salvador, San Salvador<\/td><td>D1<\/td><\/tr>\r\n    <tr><td>18<\/td><td>Palacios Rivas<\/td><td>Allison Giselle<\/td><td>Centro Escolar \"Jos\u00e9 Mej\u00eda\"<\/td><td>D1<\/td><\/tr>\r\n    <tr><td>19<\/td><td>P\u00e9rez Cruz<\/td><td>Danilo Adalberto<\/td><td>Centro Escolar Reino De Holanda - San Salvador - Ciudad Delgado<\/td><td>D1<\/td><\/tr>\r\n    <tr><td>20<\/td><td>Quintanilla Rivera<\/td><td>Maria Fernanda<\/td><td>Centro Escolar Cat\u00f3lico Madre Mar\u00eda Catarina Dimaggio - San Salvador - San Salvador<\/td><td>D1<\/td><\/tr>\r\n    <tr><td>21<\/td><td>Ramos Alas<\/td><td>Roberto Geovanni<\/td><td>Complejo Educativo Delgado - San Salvador - Ciudad Delgado<\/td><td>D1<\/td><\/tr>\r\n    <tr><td>22<\/td><td>Rivera Gonz\u00e1lez<\/td><td>Gabriela Elizabeth<\/td><td>Liceo Bautista Silo\u00e9 - San Salvador - Ilopango<\/td><td>D1<\/td><\/tr>\r\n    <tr><td>23<\/td><td>Rosales G\u00f3mez<\/td><td>Katya Morena<\/td><td>Liceo Cristiano Reverendo Juan Bueno de Colonia Zacamil<\/td><td>D1<\/td><\/tr>\r\n    <tr><td>24<\/td><td>Vasquez Hernandez<\/td><td>Victor Alexis<\/td><td>Complejo Educativo Colonia Veracruz - San Salvador - Ilopango - Cant\u00f3n San Bartolo<\/td><td>D1<\/td><\/tr>\r\n    <tr><td>25<\/td><td>VENTURA GUEVARA<\/td><td>SOFIA ALEJANDRA<\/td><td>Centro Escolar Republica Del Per\u00fa - San Salvador - Mejicanos<\/td><td>D1<\/td><\/tr>\r\n\r\n    <tr><td>26<\/td><td>Alas Hern\u00e1ndez<\/td><td>Adriana Jazm\u00edn<\/td><td>Complejo Educativo Catolico El Carmelo - San Salvador - Soyapango<\/td><td>D2<\/td><\/tr>\r\n    <tr><td>27<\/td><td>Andrade Mart\u00ednez<\/td><td>Daniela Stacy<\/td><td>Complejo Educativo Catolico Padre Mario Zanconato - San Salvador - San Marcos<\/td><td>D2<\/td><\/tr>\r\n    <tr><td>28<\/td><td>Baca Guevara<\/td><td>Cinthya Valeria<\/td><td>Centro Escolar Doctor Arturo Romero - San Salvador - Ayutuxtepeque<\/td><td>D2<\/td><\/tr>\r\n    <tr><td>29<\/td><td>Calder\u00f3n Barahona<\/td><td>Keyri Lisseth<\/td><td>Centro Escolar Cant\u00f3n Guadalupe - San Salvador - Apopa<\/td><td>D2<\/td><\/tr>\r\n    <tr><td>30<\/td><td>Castellanos Ram\u00edrez<\/td><td>Jos\u00e9 Israel<\/td><td>Centro Escolar Barrio Bel\u00e9n - San Salvador - San Salvador<\/td><td>D2<\/td><\/tr>\r\n    <tr><td>31<\/td><td>Cruz Martinez<\/td><td>Stefanni Noemi<\/td><td>Centro Escolar General Ram\u00f3n Belloso<\/td><td>D2<\/td><\/tr>\r\n    <tr><td>32<\/td><td>Duran Ortiz<\/td><td>Ximena Abigail<\/td><td>Centro Escolar Catolico Coraz\u00f3n De Mar\u00eda - San Salvador - San Salvador<\/td><td>D2<\/td><\/tr>\r\n    <tr><td>33<\/td><td>Galdamez Mart\u00ednez<\/td><td>Lesly Alisson<\/td><td>Complejo Educativo Catolico Padre Mario Zanconato - San Salvador - San Marcos<\/td><td>D2<\/td><\/tr>\r\n    <tr><td>34<\/td><td>G\u00f3mez Ramos<\/td><td>Adriel Armando<\/td><td>Centro Escolar Doctor Arturo Romero - San Salvador - Ayutuxtepeque<\/td><td>D2<\/td><\/tr>\r\n    <tr><td>35<\/td><td>Hern\u00e1ndez Hern\u00e1ndez<\/td><td>Adriana Ver\u00f3nica<\/td><td>Centro Escolar Catolico Santa Luisa - San Salvador - San Salvador<\/td><td>D2<\/td><\/tr>\r\n    <tr><td>36<\/td><td>Jovel Hern\u00e1ndez<\/td><td>Michael Josu\u00e9<\/td><td>Complejo Educativo Doctor Humberto Romero Alvergue<\/td><td>D2<\/td><\/tr>\r\n    <tr><td>37<\/td><td>L\u00f3pez Evora<\/td><td>Karla Margarita<\/td><td>Centro Escolar Nicolas J. Bran - San Salvador - San Salvador<\/td><td>D2<\/td><\/tr>\r\n    <tr><td>38<\/td><td>L\u00f3pez Villalta<\/td><td>Mateo Ernesto<\/td><td>Complejo Educativo Tomas Cabrera - San Salvador - Cuscatancingo<\/td><td>D2<\/td><\/tr>\r\n    <tr><td>39<\/td><td>Mart\u00ednez P\u00e9rez<\/td><td>Marcos Andr\u00e9s<\/td><td>Centro Escolar Colonia La Ermita - San Salvador - Apopa<\/td><td>D2<\/td><\/tr>\r\n    <tr><td>40<\/td><td>M\u00e9ndez Pe\u00f1a<\/td><td>Jeremy Otoniel<\/td><td>Centro Escolar Monse\u00f1or Basilio Plantier - San Salvador - San Salvador<\/td><td>D2<\/td><\/tr>\r\n    <tr><td>41<\/td><td>Montano Rodr\u00edguez<\/td><td>Fernando Daniel<\/td><td>Centro Escolar Catolico Santa Luisa - San Salvador - San Salvador<\/td><td>D2<\/td><\/tr>\r\n    <tr><td>42<\/td><td>Orellana V\u00e9lasquez<\/td><td>Andrea Guadalupe<\/td><td>Centro Escolar Doctor Doroteo Vasconcelos - San Salvador - Ayutuxtepeque<\/td><td>D2<\/td><\/tr>\r\n    <tr><td>43<\/td><td>Parada P\u00e9rez<\/td><td>Karen Ver\u00f3nica<\/td><td>Centro Escolar Catolico San Mateo Ap\u00f3stol - San Salvador - Santiago Texacuangos<\/td><td>D2<\/td><\/tr>\r\n    <tr><td>44<\/td><td>P\u00e9rez Esquivel<\/td><td>Tatiana Paola<\/td><td>Centro Escolar Doctor Doroteo Vasconcelos - San Salvador - Ayutuxtepeque<\/td><td>D2<\/td><\/tr>\r\n    <tr><td>45<\/td><td>Quinteros Vel\u00e1squez<\/td><td>Katya Lisette<\/td><td>Centro Escolar Agust\u00edn Linares - San Salvador - Soyapango<\/td><td>D2<\/td><\/tr>\r\n    <tr><td>46<\/td><td>Ramos Pe\u00f1a<\/td><td>Fernando Antonio<\/td><td>Liceo Cristiano Reverendo Juan Bueno Central - San Salvador - San Salvador<\/td><td>D2<\/td><\/tr>\r\n    <tr><td>47<\/td><td>Rodr\u00edguez Barahona<\/td><td>Teresa Yanira<\/td><td>Centro Escolar Cat\u00f3lico San Luis<\/td><td>D2<\/td><\/tr>\r\n    <tr><td>48<\/td><td>Somoza Campos<\/td><td>Francisco Enrique<\/td><td>Centro Escolar La Cima Dos - San Salvador - Tonacatepeque<\/td><td>D2<\/td><\/tr>\r\n    <tr><td>49<\/td><td>V\u00e1squez Solorzano<\/td><td>Jonathan Fermin<\/td><td>Centro Escolar Walter Thilo Deininger - La Libertad - Antiguo Cuscatl\u00e1n<\/td><td>D2<\/td><\/tr>\r\n    <tr><td>50<\/td><td>Villalta Flores<\/td><td>Samuel Eliseo<\/td><td>Complejo Educativo Catolico Fray Martin De Porres - San Salvador - Soyapango<\/td><td>D2<\/td><\/tr>\r\n\r\n    <tr><td>51<\/td><td>Alem\u00e1n Facundo<\/td><td>Aleida Stephanie<\/td><td>Centro Escolar Catolico Santa Luisa - San Salvador - San Salvador<\/td><td>D3<\/td><\/tr>\r\n    <tr><td>52<\/td><td>Aparicio Acevedo<\/td><td>Julissa Beatriz<\/td><td>Complejo Educativo Amalia Vda De Men\u00e9ndez - San Salvador - Mejicanos<\/td><td>D3<\/td><\/tr>\r\n    <tr><td>53<\/td><td>Baires Mart\u00ednez<\/td><td>Cristian Anthony<\/td><td>Colegio Cristiano Amigos Para Latinoam\u00e9rica - San Salvador - Santiago Texacuangos<\/td><td>D3<\/td><\/tr>\r\n    <tr><td>54<\/td><td>Campos Santos<\/td><td>Pablo Andr\u00e9s<\/td><td>Centro Escolar Walter Thilo Deininger - La Libertad - Antiguo Cuscatl\u00e1n<\/td><td>D3<\/td><\/tr>\r\n    <tr><td>55<\/td><td>Castillo Masin<\/td><td>Paola Fernanda<\/td><td>Centro Escolar Doctor Arturo Romero - San Salvador - Ayutuxtepeque<\/td><td>D3<\/td><\/tr>\r\n    <tr><td>56<\/td><td>Cub\u00edas Ord\u00f3\u00f1ez<\/td><td>Anderson Alexander<\/td><td>Colegio Johan Kepler - San Salvador - Soyapango<\/td><td>D3<\/td><\/tr>\r\n    <tr><td>57<\/td><td>Dur\u00e1n Rodr\u00edguez<\/td><td>Andr\u00e9s Alberto<\/td><td>Centro Escolar Jos\u00e9 Sime\u00f3n Ca\u00f1as - San Salvador - San Salvador<\/td><td>D3<\/td><\/tr>\r\n    <tr><td>58<\/td><td>Garcia Flores<\/td><td>Krissia Giselle<\/td><td>Instituto T\u00e9cnico Obrero Empresarial Don Bosco - San Salvador - San Salvador<\/td><td>D3<\/td><\/tr>\r\n    <tr><td>59<\/td><td>Grande Henr\u00edquez<\/td><td>Hector Nehemias<\/td><td>Centro Escolar San Sim\u00f3n<\/td><td>D3<\/td><\/tr>\r\n    <tr><td>60<\/td><td>Hernandez Pineda<\/td><td>Azucena Arely<\/td><td>Complejo Educativo Reino De Suecia - San Salvador - Mejicanos<\/td><td>D3<\/td><\/tr>\r\n    <tr><td>61<\/td><td>Lara Tejeda<\/td><td>Josu\u00e9 Daniel<\/td><td>Colegio Marista San Alfonso - San Salvador - Mejicanos<\/td><td>D3<\/td><\/tr>\r\n    <tr><td>62<\/td><td>L\u00f3pez Puente<\/td><td>Camila Guadalupe<\/td><td>Centro Escolar Catolico Jes\u00fas Obrero - San Salvador - Mejicanos<\/td><td>D3<\/td><\/tr>\r\n    <tr><td>63<\/td><td>Mart\u00ednez Campos<\/td><td>Renata Alexandra<\/td><td>Centro Escolar Cat\u00f3lico Asunci\u00f3n Paleca<\/td><td>D3<\/td><\/tr>\r\n    <tr><td>64<\/td><td>Mejia Navarrete<\/td><td>Kelly Alexandra<\/td><td>Centro Escolar Catolico Santa Catalina - San Salvador - San Salvador<\/td><td>D3<\/td><\/tr>\r\n    <tr><td>65<\/td><td>M\u00e9ndez Ponce<\/td><td>Diego Alejandro<\/td><td>Escuela Parroquial De San Jos\u00e9 De La Monta\u00f1a - San Salvador - San Salvador<\/td><td>D3<\/td><\/tr>\r\n    <tr><td>66<\/td><td>Murcia Castellanos<\/td><td>Alisson Alejandra<\/td><td>Centro Escolar 22 de Junio<\/td><td>D3<\/td><\/tr>\r\n    <tr><td>67<\/td><td>Ortiz Linares<\/td><td>Jennifer Lorena<\/td><td>Centro Escolar Catolico Coraz\u00f3n De Mar\u00eda - San Salvador - San Salvador<\/td><td>D3<\/td><\/tr>\r\n    <tr><td>68<\/td><td>Pe\u00f1a Mart\u00ednez<\/td><td>Dayana Arely<\/td><td>Centro Escolar Doctor Eusebio Cord\u00f3n Cea<\/td><td>D3<\/td><\/tr>\r\n    <tr><td>69<\/td><td>Polanco Gonz\u00e1lez<\/td><td>Melanie Sofia<\/td><td>Centro Escolar Catolico Asunci\u00f3n Paleca<\/td><td>D3<\/td><\/tr>\r\n    <tr><td>70<\/td><td>Ram\u00edrez Calzadilla<\/td><td>Eunice Salma\u00ed<\/td><td>Centro Escolar Jos\u00e9 Mariano Calder\u00f3n - San Salvador - Santiago Texacuangos<\/td><td>D3<\/td><\/tr>\r\n    <tr><td>71<\/td><td>Rivas Molina<\/td><td>Jeremy Roberto<\/td><td>Centro Escolar Republica De Nicaragua - San Salvador - San Salvador<\/td><td>D3<\/td><\/tr>\r\n    <tr><td>72<\/td><td>Rodriguez Flamenco<\/td><td>Daira Lissania<\/td><td>Centro Escolar Comunidad Serpas - San Salvador - San Salvador<\/td><td>D3<\/td><\/tr>\r\n    <tr><td>73<\/td><td>Valencia Bonilla<\/td><td>Katherine Vanessa<\/td><td>Centro Escolar Cat\u00f3lico \"Santa Catalina\"<\/td><td>D3<\/td><\/tr>\r\n    <tr><td>74<\/td><td>V\u00e1zquez Rivas<\/td><td>Bryan Ezequiel<\/td><td>Complejo Educativo Republica Oriental del Uruguay<\/td><td>D3<\/td><\/tr>\r\n    <tr><td>75<\/td><td>Zelaya Mej\u00eda<\/td><td>Betsy Sara\u00ed<\/td><td>Centro Escolar Vicente Acosta - San Salvador - Apopa<\/td><td>D3<\/td><\/tr>\r\n\r\n    <tr><td>76<\/td><td>Alfaro Rodr\u00edguez<\/td><td>Rodrigo Stanley<\/td><td>Centro Escolar Miguel Pinto - San Salvador - San Salvador<\/td><td>D4<\/td><\/tr>\r\n    <tr><td>77<\/td><td>Arru\u00e9 Garc\u00eda<\/td><td>Anderson Gabriel<\/td><td>Complejo Educativo Delgado - San Salvador - Ciudad Delgado<\/td><td>D4<\/td><\/tr>\r\n    <tr><td>78<\/td><td>Barrera Parada<\/td><td>Ariana Gisell<\/td><td>Centro Escolar Catolico San Mateo Ap\u00f3stol - San Salvador - Santiago Texacuangos<\/td><td>D4<\/td><\/tr>\r\n    <tr><td>79<\/td><td>Cardona P\u00e9rez<\/td><td>Raquel Abigail<\/td><td>Centro Escolar Camilo Campos - San Salvador - Santiago Texacuangos<\/td><td>D4<\/td><\/tr>\r\n    <tr><td>80<\/td><td>Castro Ventura<\/td><td>Keily Fabiola<\/td><td>Centro Escolar Cat\u00f3lico Nuestra Se\u00f1ora de F\u00e1tima<\/td><td>D4<\/td><\/tr>\r\n    <tr><td>81<\/td><td>Cuellar Alvarado<\/td><td>Joselin Alenjandra<\/td><td>Colegio Cristiano Donald William Benner<\/td><td>D4<\/td><\/tr>\r\n    <tr><td>82<\/td><td>Escamilla Herrera<\/td><td>Claudia Victoria<\/td><td>Complejo Educativo Republica del Per\u00fa<\/td><td>D4<\/td><\/tr>\r\n    <tr><td>83<\/td><td>Garc\u00eda Palacios<\/td><td>Hazel Abigail<\/td><td>Escuela Parroquial De San Jos\u00e9 De La Monta\u00f1a - San Salvador - San Salvador<\/td><td>D4<\/td><\/tr>\r\n    <tr><td>84<\/td><td>Henr\u00edquez Bonilla<\/td><td>Laura Priscila<\/td><td>Escuela Salesiana Mar\u00eda Auxiliadora - San Salvador - Soyapango<\/td><td>D4<\/td><\/tr>\r\n    <tr><td>85<\/td><td>Hern\u00e1ndez Serrano<\/td><td>Jonathan Matteo<\/td><td>Centro Escolar Catolico Nuestra Se\u00f1ora De Lourdes - San Salvador - San Salvador<\/td><td>D4<\/td><\/tr>\r\n    <tr><td>86<\/td><td>Lazo V\u00e1squez<\/td><td>David Ernesto<\/td><td>Centro Escolar Colonia San Sim\u00f3n - San Salvador - Mejicanos<\/td><td>D4<\/td><\/tr>\r\n    <tr><td>87<\/td><td>L\u00f3pez V\u00e1squez<\/td><td>Juan Jos\u00e9<\/td><td>Centro Escolar Republica De China - San Salvador - Apopa<\/td><td>D4<\/td><\/tr>\r\n    <tr><td>88<\/td><td>Mart\u00ednez Miranda<\/td><td>Mateo Alberto<\/td><td>Complejo Educativo Profesora Mar\u00eda Amanda Artiga De Villalta - San Salvador - Mejicanos<\/td><td>D4<\/td><\/tr>\r\n    <tr><td>89<\/td><td>Melara Anzora<\/td><td>Samantha Gizel<\/td><td>Centro Escolar Presb\u00edtero Nicolas Aguilar - San Salvador - Tonacatepeque<\/td><td>D4<\/td><\/tr>\r\n    <tr><td>90<\/td><td>Mira Guardado<\/td><td>Katherine Isabella<\/td><td>Complejo Educativo Catolico Fray Martin De Porres - San Salvador - Soyapango<\/td><td>D4<\/td><\/tr>\r\n    <tr><td>91<\/td><td>Murcia Mart\u00ednez<\/td><td>Alisson Johanna<\/td><td>Centro Escolar Madre Mar\u00eda Catarina Di Magio<\/td><td>D4<\/td><\/tr>\r\n    <tr><td>92<\/td><td>Ostorga Platero<\/td><td>Oscar Rolando<\/td><td>Centro Escolar Catolico Alberto Masferrer - La Libertad - Santa Tecla<\/td><td>D4<\/td><\/tr>\r\n    <tr><td>93<\/td><td>Per\u00e9z Campos<\/td><td>Daniela Anah\u00ed<\/td><td>Liceo Cristiano Reverendo Juan Bueno De Colonia Costa Rica - San Salvador, San Salvador<\/td><td>D4<\/td><\/tr>\r\n    <tr><td>94<\/td><td>Prado Juarez<\/td><td>Diego Alejandro<\/td><td>Liceo Cristiano Reverendo Juan Bueno Central - San Salvador - San Salvador<\/td><td>D4<\/td><\/tr>\r\n    <tr><td>95<\/td><td>Ram\u00edrez Mart\u00ednez<\/td><td>David Eduardo<\/td><td>Centro Escolar Monse\u00f1or Basilio Plantier - San Salvador - San Salvador<\/td><td>D4<\/td><\/tr>\r\n    <tr><td>96<\/td><td>Rivas Zepeda<\/td><td>Nathaly Patricia<\/td><td>Centro Escolar La Cima Dos - San Salvador - Tonacatepeque<\/td><td>D4<\/td><\/tr>\r\n    <tr><td>97<\/td><td>Rosa Rivera<\/td><td>Roxana Guadalupe<\/td><td>Centro Escolar Ciudad Credisa - San Salvador - Soyapango<\/td><td>D4<\/td><\/tr>\r\n    <tr><td>98<\/td><td>Vargas Escobar<\/td><td>David Eliseo<\/td><td>Complejo Educativo Santa Rosa<\/td><td>D4<\/td><\/tr>\r\n    <tr><td>99<\/td><td>VELASCO DE LEON<\/td><td>GISELA ALEJANDRA<\/td><td>Centro Escolar Colonia Las Brisas - San Salvador - Soyapango<\/td><td>D4<\/td><\/tr>\r\n    <tr><td>100<\/td><td>Zuniga Flores<\/td><td>Jesabel Marina<\/td><td>Centro Escolar Barrio Bel\u00e9n - San Salvador - San Salvador<\/td><td>D4<\/td><\/tr>\r\n  <\/tbody>\r\n<\/table>\r\n<\/div>\r\n\r\n<\/body>\r\n\t\t\t\t<\/div>\n\t\t\t\t<\/div>\n\t\t\t\t\t<\/div>\n\t\t<\/div>\n\t\t\t\t\t<\/div>\n\t\t<\/section>\n\t\t\t\t<\/div>","protected":false},"excerpt":{"rendered":"<p>Listado oficial de estudiantes beneficiarios 2026 &#8211; Programa Oportunidades FGK Sede San Salvador &#8211; Tiempo Completo. Si aparece en el listado. El joven se debera presentar desde el 12 de enero del 2026 en horario de 8:00 am a 11:20 am. Y el 19 de enero 2026 es requerida la asistencia de tu responsable o [&hellip;]<\/p>","protected":false},"author":7,"featured_media":0,"parent":0,"menu_order":0,"comment_status":"closed","ping_status":"closed","template":"elementor_header_footer","meta":{"om_disable_all_campaigns":false,"_monsterinsights_skip_tracking":false,"_monsterinsights_sitenote_active":false,"_monsterinsights_sitenote_note":"","_monsterinsights_sitenote_category":0,"_uf_show_specific_survey":0,"_uf_disable_surveys":false,"footnotes":""},"class_list":["post-13858","page","type-page","status-publish","hentry"],"aioseo_notices":[],"_links":{"self":[{"href":"https:\/\/www.oportunidades.org.sv\/en\/wp-json\/wp\/v2\/pages\/13858","targetHints":{"allow":["GET"]}}],"collection":[{"href":"https:\/\/www.oportunidades.org.sv\/en\/wp-json\/wp\/v2\/pages"}],"about":[{"href":"https:\/\/www.oportunidades.org.sv\/en\/wp-json\/wp\/v2\/types\/page"}],"author":[{"embeddable":true,"href":"https:\/\/www.oportunidades.org.sv\/en\/wp-json\/wp\/v2\/users\/7"}],"replies":[{"embeddable":true,"href":"https:\/\/www.oportunidades.org.sv\/en\/wp-json\/wp\/v2\/comments?post=13858"}],"version-history":[{"count":10,"href":"https:\/\/www.oportunidades.org.sv\/en\/wp-json\/wp\/v2\/pages\/13858\/revisions"}],"predecessor-version":[{"id":13882,"href":"https:\/\/www.oportunidades.org.sv\/en\/wp-json\/wp\/v2\/pages\/13858\/revisions\/13882"}],"wp:attachment":[{"href":"https:\/\/www.oportunidades.org.sv\/en\/wp-json\/wp\/v2\/media?parent=13858"}],"curies":[{"name":"wp","href":"https:\/\/api.w.org\/{rel}","templated":true}]}}